{"id":96,"date":"2021-02-14T09:32:49","date_gmt":"2021-02-14T08:32:49","guid":{"rendered":"http:\/\/172.16.16.45\/dobromed.cz\/?page_id=96"},"modified":"2021-04-02T07:35:05","modified_gmt":"2021-04-02T05:35:05","slug":"dilna","status":"publish","type":"page","link":"https:\/\/dobromed.cz\/index.php\/dilna\/","title":{"rendered":"D\u00edlna"},"content":{"rendered":"\n<p>Se v\u010dela\u0159en\u00edm jde ruku v ruce i kutilstv\u00ed. St\u00e1le mus\u00edte vym\u00fd\u0161let jak n\u011bco dovyrobit, vylep\u0161it, napasovat, repasovat\u2026 A tak u\u017e l\u00e9ta stoj\u00ed moje auto na de\u0161ti a z gar\u00e1\u017ee je te\u010f kutilsk\u00e1 d\u00edlna. A v\u011bt\u0161inou to tam kr\u00e1sn\u011b von\u00ed d\u0159evem \ud83d\ude09<\/p>\n\n\n\n<figure class=\"wp-block-gallery columns-1 is-cropped wp-block-gallery-1 is-layout-flex wp-block-gallery-is-layout-flex\"><ul class=\"blocks-gallery-grid\"><li class=\"blocks-gallery-item\"><figure><img loading=\"lazy\" decoding=\"async\" width=\"900\" height=\"675\" src=\"http:\/\/dobromed.cz\/wp-content\/uploads\/2021\/02\/dilna.png\" alt=\"\" data-id=\"93\" data-full-url=\"http:\/\/dobromed.cz\/wp-content\/uploads\/2021\/02\/dilna.png\" data-link=\"http:\/\/dobromed.cz\/index.php\/2021\/02\/14\/dilna\/dilna\/\" class=\"wp-image-93\" srcset=\"https:\/\/dobromed.cz\/wp-content\/uploads\/2021\/02\/dilna.png 900w, https:\/\/dobromed.cz\/wp-content\/uploads\/2021\/02\/dilna-300x225.png 300w, https:\/\/dobromed.cz\/wp-content\/uploads\/2021\/02\/dilna-768x576.png 768w\" sizes=\"(max-width: 900px) 100vw, 900px\" \/><\/figure><\/li><\/ul><\/figure>\n\n\n\n<p><\/p>\n","protected":false},"excerpt":{"rendered":"<p>Se v\u010dela\u0159en\u00edm jde ruku v ruce i kutilstv\u00ed. St\u00e1le mus\u00edte vym\u00fd\u0161let jak n\u011bco dovyrobit, vylep\u0161it, napasovat, repasovat\u2026 A tak u\u017e l\u00e9ta stoj\u00ed moje auto na de\u0161ti a z gar\u00e1\u017ee je te\u010f kutilsk\u00e1 d\u00edlna. A v\u011bt\u0161inou to tam kr\u00e1sn\u011b von\u00ed d\u0159evem &hellip; <a href=\"https:\/\/dobromed.cz\/index.php\/dilna\/\">Cel\u00fd p\u0159\u00edsp\u011bvek <span class=\"meta-nav\">&rarr;<\/span><\/a><\/p>\n","protected":false},"author":1,"featured_media":0,"parent":0,"menu_order":0,"comment_status":"closed","ping_status":"closed","template":"","meta":{"ngg_post_thumbnail":0,"footnotes":""},"class_list":["post-96","page","type-page","status-publish","hentry"],"_links":{"self":[{"href":"https:\/\/dobromed.cz\/index.php\/wp-json\/wp\/v2\/pages\/96"}],"collection":[{"href":"https:\/\/dobromed.cz\/index.php\/wp-json\/wp\/v2\/pages"}],"about":[{"href":"https:\/\/dobromed.cz\/index.php\/wp-json\/wp\/v2\/types\/page"}],"author":[{"embeddable":true,"href":"https:\/\/dobromed.cz\/index.php\/wp-json\/wp\/v2\/users\/1"}],"replies":[{"embeddable":true,"href":"https:\/\/dobromed.cz\/index.php\/wp-json\/wp\/v2\/comments?post=96"}],"version-history":[{"count":6,"href":"https:\/\/dobromed.cz\/index.php\/wp-json\/wp\/v2\/pages\/96\/revisions"}],"predecessor-version":[{"id":303,"href":"https:\/\/dobromed.cz\/index.php\/wp-json\/wp\/v2\/pages\/96\/revisions\/303"}],"wp:attachment":[{"href":"https:\/\/dobromed.cz\/index.php\/wp-json\/wp\/v2\/media?parent=96"}],"curies":[{"name":"wp","href":"https:\/\/api.w.org\/{rel}","templated":true}]}}