{"id":7,"date":"2021-02-09T19:40:50","date_gmt":"2021-02-09T18:40:50","guid":{"rendered":"http:\/\/172.16.16.45\/dobromed.cz\/?page_id=7"},"modified":"2022-06-03T07:09:25","modified_gmt":"2022-06-03T05:09:25","slug":"kontakt","status":"publish","type":"page","link":"https:\/\/dobromed.cz\/index.php\/kontakt\/","title":{"rendered":"Kontakt"},"content":{"rendered":"\n<p>Pokud m\u011b chcete kontaktovat, a\u0165 u\u017e pro informaci, jestli je med, \u010di se chcete pod\u00edvat na v\u010delnici, napi\u0161te mi&#8230;<\/p>\n\n\n\n<figure class=\"wp-block-image size-large is-resized\"><img loading=\"lazy\" decoding=\"async\" src=\"http:\/\/172.16.16.45\/dobromed.cz\/wp-content\/uploads\/2021\/03\/Jmenovka-1024x376.png\" alt=\"\" class=\"wp-image-294\" width=\"512\" height=\"188\" srcset=\"https:\/\/dobromed.cz\/wp-content\/uploads\/2021\/03\/Jmenovka-1024x376.png 1024w, https:\/\/dobromed.cz\/wp-content\/uploads\/2021\/03\/Jmenovka-300x110.png 300w, https:\/\/dobromed.cz\/wp-content\/uploads\/2021\/03\/Jmenovka-768x282.png 768w, https:\/\/dobromed.cz\/wp-content\/uploads\/2021\/03\/Jmenovka.png 1180w\" sizes=\"(max-width: 512px) 100vw, 512px\" \/><\/figure>\n\n\n\n<p><\/p>\n","protected":false},"excerpt":{"rendered":"<p>Pokud m\u011b chcete kontaktovat, a\u0165 u\u017e pro informaci, jestli je med, \u010di se chcete pod\u00edvat na v\u010delnici, napi\u0161te mi&#8230;<\/p>\n","protected":false},"author":1,"featured_media":0,"parent":0,"menu_order":0,"comment_status":"closed","ping_status":"closed","template":"","meta":{"ngg_post_thumbnail":0,"footnotes":""},"class_list":["post-7","page","type-page","status-publish","hentry"],"_links":{"self":[{"href":"https:\/\/dobromed.cz\/index.php\/wp-json\/wp\/v2\/pages\/7"}],"collection":[{"href":"https:\/\/dobromed.cz\/index.php\/wp-json\/wp\/v2\/pages"}],"about":[{"href":"https:\/\/dobromed.cz\/index.php\/wp-json\/wp\/v2\/types\/page"}],"author":[{"embeddable":true,"href":"https:\/\/dobromed.cz\/index.php\/wp-json\/wp\/v2\/users\/1"}],"replies":[{"embeddable":true,"href":"https:\/\/dobromed.cz\/index.php\/wp-json\/wp\/v2\/comments?post=7"}],"version-history":[{"count":10,"href":"https:\/\/dobromed.cz\/index.php\/wp-json\/wp\/v2\/pages\/7\/revisions"}],"predecessor-version":[{"id":393,"href":"https:\/\/dobromed.cz\/index.php\/wp-json\/wp\/v2\/pages\/7\/revisions\/393"}],"wp:attachment":[{"href":"https:\/\/dobromed.cz\/index.php\/wp-json\/wp\/v2\/media?parent=7"}],"curies":[{"name":"wp","href":"https:\/\/api.w.org\/{rel}","templated":true}]}}