{"id":64,"date":"2021-02-13T09:10:49","date_gmt":"2021-02-13T08:10:49","guid":{"rendered":"http:\/\/172.16.16.45\/dobromed.cz\/?page_id=64"},"modified":"2025-06-16T08:12:33","modified_gmt":"2025-06-16T06:12:33","slug":"prodej-medu","status":"publish","type":"page","link":"https:\/\/dobromed.cz\/index.php\/prodej-medu\/","title":{"rendered":"Prodej medu"},"content":{"rendered":"\n<p class=\"has-text-color has-medium-font-size\" style=\"color:#fa080c\"><strong>MED, v sez\u00f3n\u011b 2025 prod\u00e1v\u00e1m za cenu 220 K\u010d\/kg.<\/strong><\/p>\n\n\n\n<p><strong>Ou, ale ta cena \ud83d\ude41  &#8230;  nen\u00ed to levn\u00e9, co?<\/strong> <\/p>\n\n\n\n<p>V supermarketu asi najdete med levn\u011bj\u0161\u00ed. Ale zamysleli jste se n\u011bkdy, pro\u010d je v obcho\u010f\u00e1ku med tak kr\u00e1sn\u011b tekut\u00fd?  B\u011b\u017en\u00fd kv\u011btov\u00fd med ztuhne po p\u00e1r t\u00fddnech, m\u011bs\u00edc\u00edch&#8230; Divn\u00fd, co?<\/p>\n\n\n\n<p>Mo\u017en\u00e1 se\u017eenete levn\u011bj\u0161\u00ed med od v\u010dela\u0159e, od zn\u00e1m\u00e9ho va\u0161eho kamar\u00e1da, co si t\u00edm p\u0159ivyd\u011bl\u00e1v\u00e1. Kdy\u017e chce m\u00edt v\u010dela\u0159 hodn\u011b medu a &#8222;svou jistotu&#8220;, pou\u017eijete &#8222;tvrdou&#8220; chemii. A \u010dast\u011bji, preventivn\u011b. Nikdo to nepozn\u00e1. On m\u00e1 jistotu, \u017ee v\u010delstva p\u0159e\u017eij\u00ed a medu bude dost. Je to jako preventivn\u00ed u\u017e\u00edv\u00e1n\u00ed penicilinu.  Anginu ur\u010dit\u011b nedostanete, nikdo to na v\u00e1s nepozn\u00e1, ale dob\u0159e to asi nen\u00ed. J\u00e1 p\u0159estal tvrdou chemii pou\u017e\u00edvat, viz <a href=\"http:\/\/172.16.16.45\/dobromed.cz\/index.php\/jak-vcelarim\/\" data-type=\"page\" data-id=\"158\">jak v\u010dela\u0159\u00edm<\/a>. Je mo\u017en\u00e9, \u017ee m\u00e1m te\u010f medu m\u00e9n\u011b. Ale m\u00e1m jistotu, \u017ee m\u016fj med ale nebyl v \u00falu v kontaktu s Tau-fluvalin\u00e1tem (b\u011b\u017en\u00e9 l\u00e9\u010den\u00ed Gabon) ani s Amitrazem (b\u011b\u017en\u00e9 l\u00e9\u010den\u00ed Varidol). A to je d\u016fvod, pro\u010d se odva\u017euji po\u017eadovat vy\u0161\u0161\u00ed cenu za sv\u016fj med. A v\u016fbec, p\u0159ij\u010fte se na v\u010delnici do Z\u00e1vrtku kouknout, uk\u00e1\u017eu jak v\u010dela\u0159\u00edm a zodpov\u00edm p\u0159\u00edpadn\u00e9 dotazy.<\/p>\n\n\n\n<hr class=\"wp-block-separator has-css-opacity\"\/>\n\n\n\n<p><strong>K dispozici b\u00fdv\u00e1 med od konce kv\u011btna.<\/strong> Pokud m\u00e1te o med z\u00e1jem, napi\u0161te kdykoliv v pr\u016fb\u011bhu roku mail, a\u0165 z\u016fstaneme v kontaktu. P\u0159ed st\u00e1\u010den\u00edm V\u00e1s pak budu nez\u00e1vazn\u011b informovat. A a\u017e pak se rozhodnete, jestli a kolik medu budete cht\u00edt.<\/p>\n\n\n\n<p><\/p>\n","protected":false},"excerpt":{"rendered":"<p>MED, v sez\u00f3n\u011b 2025 prod\u00e1v\u00e1m za cenu 220 K\u010d\/kg. Ou, ale ta cena \ud83d\ude41 &#8230; nen\u00ed to levn\u00e9, co? V supermarketu asi najdete med levn\u011bj\u0161\u00ed. Ale zamysleli jste se n\u011bkdy, pro\u010d je v obcho\u010f\u00e1ku med tak kr\u00e1sn\u011b tekut\u00fd? B\u011b\u017en\u00fd kv\u011btov\u00fd &hellip; <a href=\"https:\/\/dobromed.cz\/index.php\/prodej-medu\/\">Cel\u00fd p\u0159\u00edsp\u011bvek <span class=\"meta-nav\">&rarr;<\/span><\/a><\/p>\n","protected":false},"author":1,"featured_media":0,"parent":0,"menu_order":0,"comment_status":"closed","ping_status":"closed","template":"","meta":{"ngg_post_thumbnail":0,"footnotes":""},"class_list":["post-64","page","type-page","status-publish","hentry"],"_links":{"self":[{"href":"https:\/\/dobromed.cz\/index.php\/wp-json\/wp\/v2\/pages\/64"}],"collection":[{"href":"https:\/\/dobromed.cz\/index.php\/wp-json\/wp\/v2\/pages"}],"about":[{"href":"https:\/\/dobromed.cz\/index.php\/wp-json\/wp\/v2\/types\/page"}],"author":[{"embeddable":true,"href":"https:\/\/dobromed.cz\/index.php\/wp-json\/wp\/v2\/users\/1"}],"replies":[{"embeddable":true,"href":"https:\/\/dobromed.cz\/index.php\/wp-json\/wp\/v2\/comments?post=64"}],"version-history":[{"count":34,"href":"https:\/\/dobromed.cz\/index.php\/wp-json\/wp\/v2\/pages\/64\/revisions"}],"predecessor-version":[{"id":406,"href":"https:\/\/dobromed.cz\/index.php\/wp-json\/wp\/v2\/pages\/64\/revisions\/406"}],"wp:attachment":[{"href":"https:\/\/dobromed.cz\/index.php\/wp-json\/wp\/v2\/media?parent=64"}],"curies":[{"name":"wp","href":"https:\/\/api.w.org\/{rel}","templated":true}]}}