{"id":362,"date":"2021-04-05T18:55:40","date_gmt":"2021-04-05T16:55:40","guid":{"rendered":"http:\/\/dobromed.cz\/?page_id=362"},"modified":"2021-04-05T19:06:07","modified_gmt":"2021-04-05T17:06:07","slug":"vyroba-den","status":"publish","type":"page","link":"https:\/\/dobromed.cz\/index.php\/vyroba-den\/","title":{"rendered":"V\u00fdroba den"},"content":{"rendered":"\n<p>Aby \u00faly byly kompletn\u00ed, je pot\u0159eba dod\u011blat tak\u00e9 \u00falov\u00e1 dna. &#8222;Varoa&#8220; dna vyr\u00e1b\u00edm ze smrkov\u00e9ho d\u0159eva s nerezov\u00fdm pletivem. Pletivem mrtv\u00ed kle\u0161t\u00edci propad\u00e1vaj\u00ed na podlo\u017eku a je mo\u017en\u00e9 tak zhruba monitorovat \u00farove\u0148 zamo\u0159en\u00ed v\u010del t\u00edmto parazitem.<\/p>\n\n\n\nngg_shortcode_0_placeholder\n","protected":false},"excerpt":{"rendered":"<p>Aby \u00faly byly kompletn\u00ed, je pot\u0159eba dod\u011blat tak\u00e9 \u00falov\u00e1 dna. &#8222;Varoa&#8220; dna vyr\u00e1b\u00edm ze smrkov\u00e9ho d\u0159eva s nerezov\u00fdm pletivem. Pletivem mrtv\u00ed kle\u0161t\u00edci propad\u00e1vaj\u00ed na podlo\u017eku a je mo\u017en\u00e9 tak zhruba monitorovat \u00farove\u0148 zamo\u0159en\u00ed v\u010del t\u00edmto parazitem.<\/p>\n","protected":false},"author":1,"featured_media":0,"parent":0,"menu_order":0,"comment_status":"closed","ping_status":"closed","template":"","meta":{"ngg_post_thumbnail":0,"footnotes":""},"class_list":["post-362","page","type-page","status-publish","hentry"],"_links":{"self":[{"href":"https:\/\/dobromed.cz\/index.php\/wp-json\/wp\/v2\/pages\/362"}],"collection":[{"href":"https:\/\/dobromed.cz\/index.php\/wp-json\/wp\/v2\/pages"}],"about":[{"href":"https:\/\/dobromed.cz\/index.php\/wp-json\/wp\/v2\/types\/page"}],"author":[{"embeddable":true,"href":"https:\/\/dobromed.cz\/index.php\/wp-json\/wp\/v2\/users\/1"}],"replies":[{"embeddable":true,"href":"https:\/\/dobromed.cz\/index.php\/wp-json\/wp\/v2\/comments?post=362"}],"version-history":[{"count":3,"href":"https:\/\/dobromed.cz\/index.php\/wp-json\/wp\/v2\/pages\/362\/revisions"}],"predecessor-version":[{"id":370,"href":"https:\/\/dobromed.cz\/index.php\/wp-json\/wp\/v2\/pages\/362\/revisions\/370"}],"wp:attachment":[{"href":"https:\/\/dobromed.cz\/index.php\/wp-json\/wp\/v2\/media?parent=362"}],"curies":[{"name":"wp","href":"https:\/\/api.w.org\/{rel}","templated":true}]}}