{"id":350,"date":"2021-04-05T18:45:25","date_gmt":"2021-04-05T16:45:25","guid":{"rendered":"http:\/\/dobromed.cz\/?page_id=350"},"modified":"2021-04-05T19:08:30","modified_gmt":"2021-04-05T17:08:30","slug":"lavicka","status":"publish","type":"page","link":"https:\/\/dobromed.cz\/index.php\/lavicka\/","title":{"rendered":"Lavi\u010dka"},"content":{"rendered":"\n<p>Pro sv\u00e9 stanovi\u0161t\u011b v\u010del jsem pot\u0159eboval vytvo\u0159it bednu na uskladn\u011bn\u00ed zahradn\u00ed hadice a rozhodl jsem se pr\u00e1ci rovnou spojit s v\u00fdrobou lavi\u010dky. A jeliko\u017e jsem pr\u00e1v\u011b z\u00edskal hromadu star\u00fdch parket z renovovan\u00e9 podlahy, d\u0159evem jsem v\u016fbec nemusel \u0161et\u0159it, to se to pracuje ;-). Lavi\u010dku jsem ud\u011blal sklopnou, se st\u0159\u00ed\u0161kou. Bude vyu\u017e\u00edv\u00e1na jen p\u0159\u00edle\u017eitostn\u011b, tak aby z\u016fst\u00e1vala co nejd\u00e9le \u010dist\u00e1 a such\u00e1&#8230;<\/p>\n\n\n\nngg_shortcode_0_placeholder\n","protected":false},"excerpt":{"rendered":"<p>Pro sv\u00e9 stanovi\u0161t\u011b v\u010del jsem pot\u0159eboval vytvo\u0159it bednu na uskladn\u011bn\u00ed zahradn\u00ed hadice a rozhodl jsem se pr\u00e1ci rovnou spojit s v\u00fdrobou lavi\u010dky. A jeliko\u017e jsem pr\u00e1v\u011b z\u00edskal hromadu star\u00fdch parket z renovovan\u00e9 podlahy, d\u0159evem jsem v\u016fbec nemusel \u0161et\u0159it, to se &hellip; <a href=\"https:\/\/dobromed.cz\/index.php\/lavicka\/\">Cel\u00fd p\u0159\u00edsp\u011bvek <span class=\"meta-nav\">&rarr;<\/span><\/a><\/p>\n","protected":false},"author":1,"featured_media":0,"parent":0,"menu_order":0,"comment_status":"closed","ping_status":"closed","template":"","meta":{"ngg_post_thumbnail":0,"footnotes":""},"class_list":["post-350","page","type-page","status-publish","hentry"],"_links":{"self":[{"href":"https:\/\/dobromed.cz\/index.php\/wp-json\/wp\/v2\/pages\/350"}],"collection":[{"href":"https:\/\/dobromed.cz\/index.php\/wp-json\/wp\/v2\/pages"}],"about":[{"href":"https:\/\/dobromed.cz\/index.php\/wp-json\/wp\/v2\/types\/page"}],"author":[{"embeddable":true,"href":"https:\/\/dobromed.cz\/index.php\/wp-json\/wp\/v2\/users\/1"}],"replies":[{"embeddable":true,"href":"https:\/\/dobromed.cz\/index.php\/wp-json\/wp\/v2\/comments?post=350"}],"version-history":[{"count":5,"href":"https:\/\/dobromed.cz\/index.php\/wp-json\/wp\/v2\/pages\/350\/revisions"}],"predecessor-version":[{"id":372,"href":"https:\/\/dobromed.cz\/index.php\/wp-json\/wp\/v2\/pages\/350\/revisions\/372"}],"wp:attachment":[{"href":"https:\/\/dobromed.cz\/index.php\/wp-json\/wp\/v2\/media?parent=350"}],"curies":[{"name":"wp","href":"https:\/\/api.w.org\/{rel}","templated":true}]}}