{"id":334,"date":"2021-04-05T18:04:19","date_gmt":"2021-04-05T16:04:19","guid":{"rendered":"http:\/\/dobromed.cz\/?page_id=334"},"modified":"2021-05-09T20:12:00","modified_gmt":"2021-05-09T18:12:00","slug":"krmitko-pro-veverky","status":"publish","type":"page","link":"https:\/\/dobromed.cz\/index.php\/krmitko-pro-veverky\/","title":{"rendered":"Krm\u00edtko pro veverky"},"content":{"rendered":"\n<p>Jako d\u00e1rek jsem vyr\u00e1b\u011bl krm\u00edtko pro veverky. Do z\u00e1sobn\u00edku se nasypou o\u0159echy a vychytral\u00e1 veverka si ho dok\u00e1\u017ee otev\u0159\u00edt a hodovat. Shodou okolnost\u00ed, se to zal\u00edbilo n\u011bkolika lidem z okol\u00ed a tak jsem celkem vyrobil ji\u017e 4 podobn\u00e9 krm\u00edtka, kter\u00e1 zdob\u00ed Borsk\u00fd park, Luftovu zahradu a Homolku.<\/p>\n\n\n\n<p> <\/p>\n\n\n\nngg_shortcode_0_placeholder\n\n\n\n<figure class=\"wp-block-gallery columns-0 is-cropped wp-block-gallery-1 is-layout-flex wp-block-gallery-is-layout-flex\"><ul class=\"blocks-gallery-grid\"><\/ul><\/figure>\n","protected":false},"excerpt":{"rendered":"<p>Jako d\u00e1rek jsem vyr\u00e1b\u011bl krm\u00edtko pro veverky. Do z\u00e1sobn\u00edku se nasypou o\u0159echy a vychytral\u00e1 veverka si ho dok\u00e1\u017ee otev\u0159\u00edt a hodovat. Shodou okolnost\u00ed, se to zal\u00edbilo n\u011bkolika lidem z okol\u00ed a tak jsem celkem vyrobil ji\u017e 4 podobn\u00e9 krm\u00edtka, kter\u00e1 &hellip; <a href=\"https:\/\/dobromed.cz\/index.php\/krmitko-pro-veverky\/\">Cel\u00fd p\u0159\u00edsp\u011bvek <span class=\"meta-nav\">&rarr;<\/span><\/a><\/p>\n","protected":false},"author":1,"featured_media":0,"parent":0,"menu_order":0,"comment_status":"closed","ping_status":"closed","template":"","meta":{"ngg_post_thumbnail":0,"footnotes":""},"class_list":["post-334","page","type-page","status-publish","hentry"],"_links":{"self":[{"href":"https:\/\/dobromed.cz\/index.php\/wp-json\/wp\/v2\/pages\/334"}],"collection":[{"href":"https:\/\/dobromed.cz\/index.php\/wp-json\/wp\/v2\/pages"}],"about":[{"href":"https:\/\/dobromed.cz\/index.php\/wp-json\/wp\/v2\/types\/page"}],"author":[{"embeddable":true,"href":"https:\/\/dobromed.cz\/index.php\/wp-json\/wp\/v2\/users\/1"}],"replies":[{"embeddable":true,"href":"https:\/\/dobromed.cz\/index.php\/wp-json\/wp\/v2\/comments?post=334"}],"version-history":[{"count":8,"href":"https:\/\/dobromed.cz\/index.php\/wp-json\/wp\/v2\/pages\/334\/revisions"}],"predecessor-version":[{"id":377,"href":"https:\/\/dobromed.cz\/index.php\/wp-json\/wp\/v2\/pages\/334\/revisions\/377"}],"wp:attachment":[{"href":"https:\/\/dobromed.cz\/index.php\/wp-json\/wp\/v2\/media?parent=334"}],"curies":[{"name":"wp","href":"https:\/\/api.w.org\/{rel}","templated":true}]}}