{"id":23,"date":"2021-02-13T06:35:50","date_gmt":"2021-02-13T05:35:50","guid":{"rendered":"http:\/\/172.16.16.45\/dobromed.cz\/?page_id=23"},"modified":"2021-04-02T07:42:48","modified_gmt":"2021-04-02T05:42:48","slug":"test-nova-stranka","status":"publish","type":"page","link":"https:\/\/dobromed.cz\/","title":{"rendered":"O mn\u011b :-)"},"content":{"rendered":"\n<p>Nev\u010dela\u0159\u00edm dlouho. Ale v\u010dela\u0159\u00edm s l\u00e1skou :-).<\/p>\n\n\n\n<p>D\u011bl\u00e1m to pro radost, v\u010delky m\u011b ne\u017eiv\u00ed. Proto nemus\u00edm pou\u017e\u00edvat \u017e\u00e1dn\u00e9 \u201epr\u016fmyslov\u00e9\u201c metody a l\u00e9\u010den\u00ed.Mohu d\u011blat jen to, co jim i mn\u011b vyhovuje.<\/p>\n\n\n\n<p>V\u010dely chov\u00e1m pouze v d\u0159ev\u011bn\u00fdch \u00falech, kter\u00e9 si s\u00e1m za dlouh\u00fdch zimn\u00edch ve\u010der\u016f vyr\u00e1b\u00edm z borovicov\u00e9ho d\u0159eva. V m\u00fdch \u00falech nepou\u017e\u00edv\u00e1m \u017e\u00e1dn\u00fd polystyr\u00e9n, mont\u00e1\u017en\u00ed p\u011bnu \u010di plastov\u00e9 r\u00e1mky.<\/p>\n\n\n\n<p>Po p\u00e1r letech v\u010dela\u0159en\u00ed jsem zjistil, \u017ee m\u011b bav\u00ed i v\u0161e okolo v\u010dela\u0159en\u00ed. Za\u010dalo m\u011b bavit vyr\u00e1b\u011bt si sv\u00e9 \u00faly a to m\u011b p\u0159ivedlo za\u010d\u00edt v\u00edc d\u011blat se d\u0159evem. Na\u0161el jsem starou kosu a za\u010dalo m\u011b bavit sekat kolem \u00fal\u016f, tak jako d\u011bda. A je to kr\u00e1sa d\u011blat s v\u011bc\u00ed, co nem\u00e1 display a ovl\u00e1dac\u00ed knofl\u00edky, jak v\u0161e u n\u00e1s v pr\u00e1ci na IT :-). A za\u010dalo m\u011b tak\u00e9 bavit b\u00fdt v kontaktu s t\u011bmi fajn v\u010dela\u0159i. <\/p>\n\n\n\n<p>Tyto str\u00e1nky vnikly hlavn\u011b pro ty, co ochutnali nebo cht\u011bj\u00ed ochutnat m\u016fj med. Aby trochu poznali, z jak\u00fdch m\u00edst med poch\u00e1z\u00ed, jak se sna\u017e\u00edm o v\u010dely starat a kolik \u010dasu to zabere. D\u00edky \u017eeno! A snad t\u00edm trochu ospravedln\u00edm ot\u00e1zku, pro\u010d je ten m\u016fj med dra\u017e\u0161\u00ed ne\u017e ten ze supermarketu a \u017ee se velmi sna\u017e\u00edm, aby jsem t\u00e9 chemie pou\u017eil co nejm\u00e9n\u011b. <\/p>\n\n\n\n<figure class=\"wp-block-gallery columns-1 is-cropped wp-block-gallery-1 is-layout-flex wp-block-gallery-is-layout-flex\"><ul class=\"blocks-gallery-grid\"><li class=\"blocks-gallery-item\"><figure><img loading=\"lazy\" decoding=\"async\" width=\"900\" height=\"675\" src=\"http:\/\/dobromed.cz\/wp-content\/uploads\/2021\/04\/3-1.png\" alt=\"\" data-id=\"310\" data-full-url=\"http:\/\/dobromed.cz\/wp-content\/uploads\/2021\/04\/3-1.png\" data-link=\"http:\/\/dobromed.cz\/index.php\/test-nova-stranka\/3-1\/\" class=\"wp-image-310\" srcset=\"https:\/\/dobromed.cz\/wp-content\/uploads\/2021\/04\/3-1.png 900w, https:\/\/dobromed.cz\/wp-content\/uploads\/2021\/04\/3-1-300x225.png 300w, https:\/\/dobromed.cz\/wp-content\/uploads\/2021\/04\/3-1-768x576.png 768w\" sizes=\"(max-width: 900px) 100vw, 900px\" \/><\/figure><\/li><\/ul><\/figure>\n\n\n\n<p><\/p>\n","protected":false},"excerpt":{"rendered":"<p>Nev\u010dela\u0159\u00edm dlouho. Ale v\u010dela\u0159\u00edm s l\u00e1skou :-). D\u011bl\u00e1m to pro radost, v\u010delky m\u011b ne\u017eiv\u00ed. Proto nemus\u00edm pou\u017e\u00edvat \u017e\u00e1dn\u00e9 \u201epr\u016fmyslov\u00e9\u201c metody a l\u00e9\u010den\u00ed.Mohu d\u011blat jen to, co jim i mn\u011b vyhovuje. V\u010dely chov\u00e1m pouze v d\u0159ev\u011bn\u00fdch \u00falech, kter\u00e9 si s\u00e1m za &hellip; <a href=\"https:\/\/dobromed.cz\/\">Cel\u00fd p\u0159\u00edsp\u011bvek <span class=\"meta-nav\">&rarr;<\/span><\/a><\/p>\n","protected":false},"author":1,"featured_media":0,"parent":0,"menu_order":0,"comment_status":"closed","ping_status":"closed","template":"","meta":{"ngg_post_thumbnail":0,"footnotes":""},"class_list":["post-23","page","type-page","status-publish","hentry"],"_links":{"self":[{"href":"https:\/\/dobromed.cz\/index.php\/wp-json\/wp\/v2\/pages\/23"}],"collection":[{"href":"https:\/\/dobromed.cz\/index.php\/wp-json\/wp\/v2\/pages"}],"about":[{"href":"https:\/\/dobromed.cz\/index.php\/wp-json\/wp\/v2\/types\/page"}],"author":[{"embeddable":true,"href":"https:\/\/dobromed.cz\/index.php\/wp-json\/wp\/v2\/users\/1"}],"replies":[{"embeddable":true,"href":"https:\/\/dobromed.cz\/index.php\/wp-json\/wp\/v2\/comments?post=23"}],"version-history":[{"count":22,"href":"https:\/\/dobromed.cz\/index.php\/wp-json\/wp\/v2\/pages\/23\/revisions"}],"predecessor-version":[{"id":312,"href":"https:\/\/dobromed.cz\/index.php\/wp-json\/wp\/v2\/pages\/23\/revisions\/312"}],"wp:attachment":[{"href":"https:\/\/dobromed.cz\/index.php\/wp-json\/wp\/v2\/media?parent=23"}],"curies":[{"name":"wp","href":"https:\/\/api.w.org\/{rel}","templated":true}]}}