{"id":181,"date":"2021-02-24T20:01:54","date_gmt":"2021-02-24T19:01:54","guid":{"rendered":"http:\/\/172.16.16.45\/dobromed.cz\/?page_id=181"},"modified":"2021-04-02T07:51:25","modified_gmt":"2021-04-02T05:51:25","slug":"lisovani-mezisten","status":"publish","type":"page","link":"https:\/\/dobromed.cz\/index.php\/lisovani-mezisten\/","title":{"rendered":"Lisov\u00e1n\u00ed mezist\u011bn"},"content":{"rendered":"\n<p>Pro nev\u010dela\u0159e:<\/p>\n\n\n\n<p>Mezist\u011bny jsou \u017elut\u00e9 voskov\u00e9 desky s vyra\u017een\u00fdm reli\u00e9fem bun\u011bk, kter\u00e9 se vkl\u00e1daj\u00ed do \u00falu a z nich v\u010dely vytahuj\u00ed pl\u00e1stve. Vosk z\u00edsk\u00e1v\u00e1 v\u010dela\u0159 vytaven\u00edm star\u00fdch pl\u00e1stv\u00ed, kter\u00e9 ji\u017e ztmavly. Tento vosk se bu\u010f vym\u011bn\u00ed rovnou s doplatkem za nov\u00e9 mezist\u011bny v obchodech s v\u010dela\u0159sk\u00fdmi pot\u0159ebami (nev\u00fdhodou ale je, \u017ee nev\u00edte, jak\u00fd vosk si do \u00falu d\u00e1v\u00e1te a \u010dasto b\u00fdv\u00e1 &#8222;pan\u010dov\u00e1n&#8220; paraf\u00ednem. Druhou mo\u017enost\u00ed je vozit vosk do speci\u00e1ln\u00edch v\u00fdroben, kde mezist\u011bny vylisuj\u00ed rovnou z va\u0161eho vosku. To n\u011bco stoj\u00ed a hlavn\u011b to mus\u00edte dov\u00e9zt v\u010das, jinak dostanete mezist\u011bny a\u017e po sez\u00f3n\u011b. J\u00e1 se rozhodl pro t\u0159et\u00ed mo\u017enost a mezist\u011bny jsem za\u010dal vyr\u00e1b\u011bt doma.<\/p>\n\n\n\n<p>Pro v\u010dela\u0159e:<\/p>\n\n\n\n<p>Lisov\u00e1n\u00ed prov\u00e1d\u00edm na velmi jednoduch\u00e9m lisu z hlin\u00edkov\u00fdch desek se silikonov\u00fdmi matricemi, bez chlazen\u00ed (dlouhodob\u011b prod\u00e1v\u00e1 na Bazo\u0161i  &#8222;Jarda z Rokycan&#8220;). Na fotk\u00e1ch jsou nafoceny prvn\u00ed vyroben\u00e9 mezist\u011bny, tzn. prvn\u00ed ne\u00fasp\u011bchy \ud83d\ude42 .  Asi \u010dtvrt\u00fd v\u00fdlisek u\u017e byl v po\u0159\u00e1dku. Po \u010dase jsem za\u010dal horn\u00ed desku chladit mokr\u00fdm hadrem, abych urychlil otev\u0159en\u00ed lisu.<\/p>\n\n\n\n<p>Na zimn\u00ed ve\u010dery je to kr\u00e1sn\u00e1 pr\u00e1ce, s r\u00e1diem naplno a fla\u0161kou v\u00edna mezist\u011bny rychle p\u0159ib\u00fdvaj\u00ed \ud83d\ude42 . Probl\u00e9m byl jen se star\u00fdm va\u0159i\u010dem, kde nejde regulovat teplota. Pro V\u00e1s, co \u010dtete tento text.. pokud m\u00e1te ve sk\u0159\u00edni nepot\u0159ebn\u00fd star\u00fd va\u0159i\u010d s regulac\u00ed v\u00fdkonu; sm\u011bn\u00edm za sklenici medu \ud83d\ude42 .<\/p>\n\n\n\nngg_shortcode_0_placeholder\n\n\n\n<p><\/p>\n","protected":false},"excerpt":{"rendered":"<p>Pro nev\u010dela\u0159e: Mezist\u011bny jsou \u017elut\u00e9 voskov\u00e9 desky s vyra\u017een\u00fdm reli\u00e9fem bun\u011bk, kter\u00e9 se vkl\u00e1daj\u00ed do \u00falu a z nich v\u010dely vytahuj\u00ed pl\u00e1stve. Vosk z\u00edsk\u00e1v\u00e1 v\u010dela\u0159 vytaven\u00edm star\u00fdch pl\u00e1stv\u00ed, kter\u00e9 ji\u017e ztmavly. Tento vosk se bu\u010f vym\u011bn\u00ed rovnou s doplatkem za &hellip; <a href=\"https:\/\/dobromed.cz\/index.php\/lisovani-mezisten\/\">Cel\u00fd p\u0159\u00edsp\u011bvek <span class=\"meta-nav\">&rarr;<\/span><\/a><\/p>\n","protected":false},"author":1,"featured_media":0,"parent":0,"menu_order":0,"comment_status":"closed","ping_status":"closed","template":"","meta":{"ngg_post_thumbnail":0,"footnotes":""},"class_list":["post-181","page","type-page","status-publish","hentry"],"_links":{"self":[{"href":"https:\/\/dobromed.cz\/index.php\/wp-json\/wp\/v2\/pages\/181"}],"collection":[{"href":"https:\/\/dobromed.cz\/index.php\/wp-json\/wp\/v2\/pages"}],"about":[{"href":"https:\/\/dobromed.cz\/index.php\/wp-json\/wp\/v2\/types\/page"}],"author":[{"embeddable":true,"href":"https:\/\/dobromed.cz\/index.php\/wp-json\/wp\/v2\/users\/1"}],"replies":[{"embeddable":true,"href":"https:\/\/dobromed.cz\/index.php\/wp-json\/wp\/v2\/comments?post=181"}],"version-history":[{"count":8,"href":"https:\/\/dobromed.cz\/index.php\/wp-json\/wp\/v2\/pages\/181\/revisions"}],"predecessor-version":[{"id":313,"href":"https:\/\/dobromed.cz\/index.php\/wp-json\/wp\/v2\/pages\/181\/revisions\/313"}],"wp:attachment":[{"href":"https:\/\/dobromed.cz\/index.php\/wp-json\/wp\/v2\/media?parent=181"}],"curies":[{"name":"wp","href":"https:\/\/api.w.org\/{rel}","templated":true}]}}