{"id":158,"date":"2021-02-22T19:38:01","date_gmt":"2021-02-22T18:38:01","guid":{"rendered":"http:\/\/172.16.16.45\/dobromed.cz\/?page_id=158"},"modified":"2021-03-25T19:11:11","modified_gmt":"2021-03-25T18:11:11","slug":"jak-vcelarim","status":"publish","type":"page","link":"https:\/\/dobromed.cz\/index.php\/jak-vcelarim\/","title":{"rendered":"Jak v\u010dela\u0159\u00edm"},"content":{"rendered":"\n<p><em>\u00davod pro nev\u010dela\u0159e:<\/em><\/p>\n\n\n\n<p>Za \u010das\u016f na\u0161ich d\u011bd\u016f bylo v\u010dela\u0159en\u00ed docela jednoduch\u00e9. Ony se v\u010dely se snadno o sebe postaraj\u00ed. \u010c\u00edm m\u00e9n\u011b je &#8222;obt\u011b\u017eujeme&#8220; t\u00edm jsou spokojen\u011bj\u0161\u00ed. Jenom\u017ee, to u\u017e dneska bohu\u017eel neplat\u00ed. Te\u010f u\u017e se v\u010dely o sebe nepostaraj\u00ed a bez v\u010dela\u0159e by brzy zahynuly. Sou\u010dasn\u00e9 v\u010dela\u0159en\u00ed, to je nep\u0159etr\u017eit\u00fd boj s v\u010del\u00edmi nemocemi. A to hlavn\u011b s varo\u00e1zou, zavle\u010denou v sedmdes\u00e1t\u00fdch letech kdesi z Asie. A\u010d varo\u00e1zu  ud\u00e1v\u00e1me jako nemoc, je to vlastn\u011b napaden\u00ed parazitem (kle\u0161t\u00edk). Ten vypad\u00e1 jako malink\u00e9 kl\u00ed\u0161t\u011b a \u0161kod\u00ed jak dosp\u011bl\u00fdm v\u010del\u00e1m, tak hlavn\u011b vyv\u00edjej\u00edc\u00edmu se plodu, budouc\u00edm mlad\u00fdm v\u010delk\u00e1m.<\/p>\n\n\n\n<p>A s varo\u00e1zou se d\u00e1 bojovat dv\u011bma zp\u016fsoby.<\/p>\n\n\n\n<ul class=\"wp-block-list\"><li><strong>L\u00e9\u010den\u00ed tvrdou chemi\u00ed<\/strong>.  Pod t\u00edmto stra\u0161ideln\u00fdm pojmem se mezi v\u010dela\u0159i ozna\u010duje l\u00e9\u010den\u00ed p\u0159\u00edpravky, vyvinut\u00fdmi ve v\u010dela\u0159sk\u00e9m \u00fastavu. Jsou to schv\u00e1len\u00e9 veterin\u00e1rn\u00ed p\u0159\u00edpravky, kter\u00e9 se r\u016fzn\u00fdmi postupy aplikuj\u00ed do \u00fal\u016f v dob\u011b, kdy v \u00falu nen\u00ed med. P\u0159\u00edpravky jsou pom\u011brn\u011b \u00fa\u010dinn\u00e9, relativn\u011b jednoduch\u00e1 je tak\u00e9 jejich aplikace. Jen\u017ee je tam jedno &#8222;ale&#8220;. Tato chemie m\u00e1 tu nev\u00fdhodu, \u017ee se v\u00e1\u017ee na vosk a z\u016fst\u00e1v\u00e1 tedy pot\u00e9 ve vosku ze kter\u00e9ho jsou pl\u00e1stve. Tak\u017ee z\u016fstane v t\u011bch sam\u00fdch pl\u00e1stv\u00edch, ze kter\u00fdch se za p\u00e1r m\u011bs\u00edc\u016f vyt\u00e1\u010d\u00ed med \ud83d\ude41<\/li><li><strong>L\u00e9\u010den\u00ed kyselinami<\/strong>. Taky stra\u0161ideln\u00fd pojem, co? K l\u00e9\u010den\u00ed se pou\u017e\u00edv\u00e1 hlavn\u011b kyselina mraven\u010d\u00ed a \u0161\u0165avelov\u00e1. Do \u00falu se vkl\u00e1d\u00e1 v mal\u00fdch koncentrac\u00edch, kter\u00e9 nepo\u0161kod\u00ed v\u010dely (i kdy\u017e nic p\u0159\u00edjemn\u00e9ho to pro n\u011b asi nebude), ale je to ji\u017e p\u0159\u00edli\u0161 toxick\u00e9 pro v\u00edce senzitivn\u00edho kle\u0161t\u00edka a ten po aplikaci zhyne. V\u00fdhoda je, \u017ee se v\u00fdpary z kyselin do vosku nevst\u0159eb\u00e1vaj\u00ed, tak\u017ee jakmile vyprchaj\u00ed, \u017e\u00e1dn\u00e9 \u0161kodliviny v \u00falu nez\u016fstanou. To je d\u016fvod, pro\u010d je toto l\u00e9\u010den\u00ed aplikov\u00e1no t\u011bmi, kdo cht\u011bj\u00ed opravdu p\u0159\u00edrodn\u00ed med, nezat\u00ed\u017een\u00fd \u017e\u00e1dn\u00fdmi l\u00e9\u010divy. Nev\u00fdhodu je, \u017ee je to proces n\u00e1ro\u010dn\u011bj\u0161\u00ed a je v\u00edce o experimentov\u00e1n\u00ed \ud83d\ude41 , ne\u017e pevn\u011b dan\u00e9 mno\u017estv\u00ed klasick\u00fdch l\u00e9\u010div:  kyseliny se toti\u017e jinak odpa\u0159uj\u00ed za tepl\u00e9ho po\u010das\u00ed a jinak kdy\u017e je zata\u017eeno, n\u011bkter\u00e9 nep\u016fsob\u00ed hned, ale a\u017e za \u010das atd. &#8211; je to prost\u011b n\u00e1ro\u010dn\u011bj\u0161\u00ed  a pro v\u010delstvo je tato aplikace nebezpe\u010dn\u011bj\u0161\u00ed. A i proto se mus\u00ed v\u010delstva v\u00edce kontrolovat a m\u011bnit postupy dle aktu\u00e1ln\u00edch podm\u00ednek.  <\/li><\/ul>\n\n\n\n<p>No a te\u010f kone\u010dn\u011b, jak to d\u011bl\u00e1m j\u00e1:<\/p>\n\n\n\n<p>Tvrdou chemii (ty l\u00e9\u010diva co mohou z\u016fstat ve vosku) jsem pou\u017eil naposledy v roce 2019. Nyn\u00ed se sna\u017e\u00edm pou\u017e\u00edvat pouze alternativn\u00ed postupy. Nav\u00edc jsem, co\u017e nen\u00ed p\u0159\u00edli\u0161 obvykl\u00e9,  za\u010dal v l\u00e9t\u011b &#8222;kl\u00edckovat&#8220; matky. Matku um\u00edst\u00edte do speci\u00e1ln\u00ed kl\u00edcky, viz foto, kam se k n\u00ed dostanou d\u011blnice, kter\u00e9 ji krm\u00ed. D\u011blnice jsou men\u0161\u00ed a oky kl\u00edcky bez probl\u00e9m\u016f prolezou, v\u011bt\u0161\u00ed matka v\u0161ak ne. Pro\u010d to d\u011bl\u00e1m? V\u0161echna letn\u00ed l\u00e9\u010den\u00ed kyselinami se obt\u00ed\u017en\u011b aplikuj\u00ed, proto\u017ee v\u011bt\u0161ina varo\u00e1zy je schovan\u00e1 v zav\u00ed\u010dkovan\u00e9m plodu. A pod v\u00ed\u010dka se v\u00fdpary z kyselin nedostanou. Tak\u017ee p\u0159i klasick\u00e9m l\u00e9\u010den\u00ed kyselinami mus\u00edte nechat chemii p\u016fsobit opakovan\u011b,  dokud se nevyklube posledn\u00ed plod od za\u010d\u00e1tku l\u00e9\u010den\u00ed. Kl\u00edckov\u00e1n\u00edm matce zamez\u00edm v kladen\u00ed. T\u00edm z\u00edsk\u00e1m jistotu, \u017ee jsou v\u0161ichni parazit\u00e9 jen a jen na v\u010del\u00e1ch a mohu tak v\u010dely zal\u00e9\u010dit jen kr\u00e1tkodob\u011b a s vysokou \u00fa\u010dinnost\u00ed. Ale je to pracn\u00e9 \ud83d\ude41 . V ka\u017ed\u00e9m \u00falu mus\u00edte matku dohledat, co\u017e nen\u00ed zrovna jednoduch\u00e9 a v p\u0159esn\u011b dan\u00fd den ji osvobodit a zal\u00e9\u010dit. Sousta &#8222;velk\u00e9ho&#8220; \u0161\u0165our\u00e1n\u00ed v \u00falech. Odm\u011bnou je mi, \u017ee v m\u00e9m \u00fale a t\u00edm i v m\u00e9m medu je t\u00e9 chemie zas o n\u011bco m\u00e9n\u011b ne\u017e u pohodln\u011bj\u0161\u00edch koleg\u016f. <\/p>\n\n\n\n<p>Mal\u00fd kv\u00edz, najde\u0161 matku v kl\u00edcce na prvn\u00edm obr\u00e1zku?<\/p>\n\n\n\nngg_shortcode_0_placeholder\n","protected":false},"excerpt":{"rendered":"<p>\u00davod pro nev\u010dela\u0159e: Za \u010das\u016f na\u0161ich d\u011bd\u016f bylo v\u010dela\u0159en\u00ed docela jednoduch\u00e9. Ony se v\u010dely se snadno o sebe postaraj\u00ed. \u010c\u00edm m\u00e9n\u011b je &#8222;obt\u011b\u017eujeme&#8220; t\u00edm jsou spokojen\u011bj\u0161\u00ed. Jenom\u017ee, to u\u017e dneska bohu\u017eel neplat\u00ed. Te\u010f u\u017e se v\u010dely o sebe nepostaraj\u00ed a &hellip; <a href=\"https:\/\/dobromed.cz\/index.php\/jak-vcelarim\/\">Cel\u00fd p\u0159\u00edsp\u011bvek <span class=\"meta-nav\">&rarr;<\/span><\/a><\/p>\n","protected":false},"author":1,"featured_media":0,"parent":0,"menu_order":0,"comment_status":"closed","ping_status":"closed","template":"","meta":{"ngg_post_thumbnail":0,"footnotes":""},"class_list":["post-158","page","type-page","status-publish","hentry"],"_links":{"self":[{"href":"https:\/\/dobromed.cz\/index.php\/wp-json\/wp\/v2\/pages\/158"}],"collection":[{"href":"https:\/\/dobromed.cz\/index.php\/wp-json\/wp\/v2\/pages"}],"about":[{"href":"https:\/\/dobromed.cz\/index.php\/wp-json\/wp\/v2\/types\/page"}],"author":[{"embeddable":true,"href":"https:\/\/dobromed.cz\/index.php\/wp-json\/wp\/v2\/users\/1"}],"replies":[{"embeddable":true,"href":"https:\/\/dobromed.cz\/index.php\/wp-json\/wp\/v2\/comments?post=158"}],"version-history":[{"count":12,"href":"https:\/\/dobromed.cz\/index.php\/wp-json\/wp\/v2\/pages\/158\/revisions"}],"predecessor-version":[{"id":279,"href":"https:\/\/dobromed.cz\/index.php\/wp-json\/wp\/v2\/pages\/158\/revisions\/279"}],"wp:attachment":[{"href":"https:\/\/dobromed.cz\/index.php\/wp-json\/wp\/v2\/media?parent=158"}],"curies":[{"name":"wp","href":"https:\/\/api.w.org\/{rel}","templated":true}]}}