{"id":113,"date":"2021-02-14T21:18:41","date_gmt":"2021-02-14T20:18:41","guid":{"rendered":"http:\/\/172.16.16.45\/dobromed.cz\/?page_id=113"},"modified":"2021-02-14T21:19:00","modified_gmt":"2021-02-14T20:19:00","slug":"vyroba-nastavku","status":"publish","type":"page","link":"https:\/\/dobromed.cz\/index.php\/vyroba-nastavku\/","title":{"rendered":"V\u00fdroba n\u00e1stavk\u016f"},"content":{"rendered":"\n<p>Pro v\u010dela\u0159en\u00ed pot\u0159ebujete n\u00e1stavky. Hromadu n\u00e1stavk\u016f. Ty se vyr\u00e1b\u011bj\u00ed nej\u010dast\u011bji z borovicov\u00e9ho d\u0159eva, proto\u017ee l\u00e9pe odol\u00e1vaj\u00ed pl\u00edsn\u00edm ve vlhk\u00e9m prost\u0159ed\u00ed ne\u017e t\u0159eba smrkov\u00e9, ale z\u00e1rove\u0148 nejsou tak t\u011b\u017ek\u00e9 jako nap\u0159. z dubu. N\u00e1stavky na foto n\u00ed\u017ee jsem vyrobil z podlahov\u00fdch palubek. Spoje prov\u00e1d\u00edm \u010depov\u00e1n\u00edm, tak\u017ee strany sta\u010d\u00ed jen slepit a nen\u00ed pot\u0159eba \u017e\u00e1dn\u00fdch \u0161roub\u016f, h\u0159eb\u00edk\u016f.<\/p>\n\n\n\nngg_shortcode_0_placeholder\n","protected":false},"excerpt":{"rendered":"<p>Pro v\u010dela\u0159en\u00ed pot\u0159ebujete n\u00e1stavky. Hromadu n\u00e1stavk\u016f. Ty se vyr\u00e1b\u011bj\u00ed nej\u010dast\u011bji z borovicov\u00e9ho d\u0159eva, proto\u017ee l\u00e9pe odol\u00e1vaj\u00ed pl\u00edsn\u00edm ve vlhk\u00e9m prost\u0159ed\u00ed ne\u017e t\u0159eba smrkov\u00e9, ale z\u00e1rove\u0148 nejsou tak t\u011b\u017ek\u00e9 jako nap\u0159. z dubu. N\u00e1stavky na foto n\u00ed\u017ee jsem vyrobil z podlahov\u00fdch &hellip; <a href=\"https:\/\/dobromed.cz\/index.php\/vyroba-nastavku\/\">Cel\u00fd p\u0159\u00edsp\u011bvek <span class=\"meta-nav\">&rarr;<\/span><\/a><\/p>\n","protected":false},"author":1,"featured_media":0,"parent":0,"menu_order":0,"comment_status":"closed","ping_status":"closed","template":"","meta":{"ngg_post_thumbnail":0,"footnotes":""},"class_list":["post-113","page","type-page","status-publish","hentry"],"_links":{"self":[{"href":"https:\/\/dobromed.cz\/index.php\/wp-json\/wp\/v2\/pages\/113"}],"collection":[{"href":"https:\/\/dobromed.cz\/index.php\/wp-json\/wp\/v2\/pages"}],"about":[{"href":"https:\/\/dobromed.cz\/index.php\/wp-json\/wp\/v2\/types\/page"}],"author":[{"embeddable":true,"href":"https:\/\/dobromed.cz\/index.php\/wp-json\/wp\/v2\/users\/1"}],"replies":[{"embeddable":true,"href":"https:\/\/dobromed.cz\/index.php\/wp-json\/wp\/v2\/comments?post=113"}],"version-history":[{"count":3,"href":"https:\/\/dobromed.cz\/index.php\/wp-json\/wp\/v2\/pages\/113\/revisions"}],"predecessor-version":[{"id":121,"href":"https:\/\/dobromed.cz\/index.php\/wp-json\/wp\/v2\/pages\/113\/revisions\/121"}],"wp:attachment":[{"href":"https:\/\/dobromed.cz\/index.php\/wp-json\/wp\/v2\/media?parent=113"}],"curies":[{"name":"wp","href":"https:\/\/api.w.org\/{rel}","templated":true}]}}